{"id":11,"date":"2026-02-03T12:40:37","date_gmt":"2026-02-03T11:40:37","guid":{"rendered":"http:\/\/s473348372.mialojamiento.es\/?page_id=11"},"modified":"2026-02-03T12:40:37","modified_gmt":"2026-02-03T11:40:37","slug":"donacion-fallida","status":"publish","type":"page","link":"http:\/\/s473348372.mialojamiento.es\/?page_id=11","title":{"rendered":"Donaci\u00f3n fallida"},"content":{"rendered":"<p>Lo sentimos, tu donaci\u00f3n ha fallado al procesarse. Por favor, int\u00e9ntalo de nuevo o contacta con el soporte del sitio.<\/p>\n","protected":false},"excerpt":{"rendered":"<p>Lo sentimos, tu donaci\u00f3n ha fallado al procesarse. Por favor, int\u00e9ntalo de nuevo o contacta con el soporte del sitio.<\/p>\n","protected":false},"author":1,"featured_media":0,"parent":0,"menu_order":0,"comment_status":"closed","ping_status":"closed","template":"","meta":{"give_campaign_id":0,"inline_featured_image":false,"footnotes":""},"class_list":["post-11","page","type-page","status-publish","hentry"],"campaignId":"","_links":{"self":[{"href":"http:\/\/s473348372.mialojamiento.es\/index.php?rest_route=\/wp\/v2\/pages\/11","targetHints":{"allow":["GET"]}}],"collection":[{"href":"http:\/\/s473348372.mialojamiento.es\/index.php?rest_route=\/wp\/v2\/pages"}],"about":[{"href":"http:\/\/s473348372.mialojamiento.es\/index.php?rest_route=\/wp\/v2\/types\/page"}],"author":[{"embeddable":true,"href":"http:\/\/s473348372.mialojamiento.es\/index.php?rest_route=\/wp\/v2\/users\/1"}],"replies":[{"embeddable":true,"href":"http:\/\/s473348372.mialojamiento.es\/index.php?rest_route=%2Fwp%2Fv2%2Fcomments&post=11"}],"version-history":[{"count":0,"href":"http:\/\/s473348372.mialojamiento.es\/index.php?rest_route=\/wp\/v2\/pages\/11\/revisions"}],"wp:attachment":[{"href":"http:\/\/s473348372.mialojamiento.es\/index.php?rest_route=%2Fwp%2Fv2%2Fmedia&parent=11"}],"curies":[{"name":"wp","href":"https:\/\/api.w.org\/{rel}","templated":true}]}}